{"id":3604,"date":"2024-07-07T15:34:00","date_gmt":"2024-07-07T14:34:00","guid":{"rendered":"https:\/\/luzi3b.al\/?post_type=product&#038;p=3604"},"modified":"2024-12-05T16:58:11","modified_gmt":"2024-12-05T15:58:11","slug":"evolutiondrive-hst","status":"publish","type":"product","link":"https:\/\/luzi3b.al\/en\/product\/evolutiondrive-hst\/","title":{"rendered":"EVOLUTIONDRIVE: HST"},"content":{"rendered":"<p><strong>The statistically optimized structure of the evolutionDrive HST sliding lift doors allows for large glass surfaces with different types of openings.<\/strong><\/p>\n<h2>T\u00eb jetosh n\u00eb nj\u00eb dimension t\u00eb ri<\/h2>\n<p>The statistically optimized structure of the evolutionDrive HST sliding lift doors allows for large glass surfaces with different types of openings. The system owes its efficient thermal and acoustic insulation to the optimized insulation surfaces, especially in the middle zone. In addition to a high-performance functionality, the sliding lift door boasts an anti-theft certification up to resistance class RC 2. The security mechanism works independently of the device used and is compatible with barrier-free threshold systems and with thresholds for renewal.<\/p>","protected":false},"excerpt":{"rendered":"<p>Frame depth: 194 mm<br \/>\nDoor depth: 82 mm<br \/>\nUp to Uw = 0.64 W \/ (m\u00b2K)<br \/>\nDimensions: 6.50 x 2.50 m<br \/>\nPolishing: up to 52 mm<br \/>\nAreas of use: Lift-sliding doors<\/p>","protected":false},"featured_media":3562,"comment_status":"closed","ping_status":"closed","template":"","meta":[],"product_brand":[],"product_cat":[60],"product_tag":[],"class_list":{"0":"post-3604","1":"product","2":"type-product","3":"status-publish","4":"has-post-thumbnail","6":"product_cat-dritare-plastike","8":"first","9":"outofstock","10":"shipping-taxable","11":"product-type-grouped","12":"add-to-wishlist-after_add_to_cart"},"_links":{"self":[{"href":"https:\/\/luzi3b.al\/en\/wp-json\/wp\/v2\/product\/3604","targetHints":{"allow":["GET"]}}],"collection":[{"href":"https:\/\/luzi3b.al\/en\/wp-json\/wp\/v2\/product"}],"about":[{"href":"https:\/\/luzi3b.al\/en\/wp-json\/wp\/v2\/types\/product"}],"replies":[{"embeddable":true,"href":"https:\/\/luzi3b.al\/en\/wp-json\/wp\/v2\/comments?post=3604"}],"wp:featuredmedia":[{"embeddable":true,"href":"https:\/\/luzi3b.al\/en\/wp-json\/wp\/v2\/media\/3562"}],"wp:attachment":[{"href":"https:\/\/luzi3b.al\/en\/wp-json\/wp\/v2\/media?parent=3604"}],"wp:term":[{"taxonomy":"product_brand","embeddable":true,"href":"https:\/\/luzi3b.al\/en\/wp-json\/wp\/v2\/product_brand?post=3604"},{"taxonomy":"product_cat","embeddable":true,"href":"https:\/\/luzi3b.al\/en\/wp-json\/wp\/v2\/product_cat?post=3604"},{"taxonomy":"product_tag","embeddable":true,"href":"https:\/\/luzi3b.al\/en\/wp-json\/wp\/v2\/product_tag?post=3604"}],"curies":[{"name":"wp","href":"https:\/\/api.w.org\/{rel}","templated":true}]}}