{"id":543,"date":"2022-03-02T02:41:53","date_gmt":"2022-03-02T02:41:53","guid":{"rendered":"http:\/\/decofuniture.ththeme.net\/?page_id=543"},"modified":"2025-04-04T16:20:21","modified_gmt":"2025-04-04T15:20:21","slug":"about-2","status":"publish","type":"page","link":"https:\/\/luzi3b.al\/en\/about-2\/","title":{"rendered":"Production"},"content":{"rendered":"<div data-elementor-type=\"wp-page\" data-elementor-id=\"543\" class=\"elementor elementor-543\">\n\t\t\t\t\t\t<section class=\"elementor-section elementor-top-section elementor-element elementor-element-2778efe elementor-section-full_width elementor-section-stretched elementor-section-height-default elementor-section-height-default\" data-id=\"2778efe\" data-element_type=\"section\" data-settings=\"{&quot;stretch_section&quot;:&quot;section-stretched&quot;,&quot;background_background&quot;:&quot;classic&quot;}\">\n\t\t\t\t\t\t\t<div class=\"elementor-background-overlay\"><\/div>\n\t\t\t\t\t\t\t<div class=\"elementor-container elementor-column-gap-default\">\n\t\t\t\t\t<div class=\"elementor-column elementor-col-100 elementor-top-column elementor-element elementor-element-c26c581\" data-id=\"c26c581\" data-element_type=\"column\">\n\t\t\t<div class=\"elementor-widget-wrap elementor-element-populated\">\n\t\t\t\t\t\t<div class=\"elementor-element elementor-element-16ae1fe elementor-widget elementor-widget-heading\" data-id=\"16ae1fe\" data-element_type=\"widget\" data-widget_type=\"heading.default\">\n\t\t\t\t<div class=\"elementor-widget-container\">\n\t\t\t\t\t<h2 class=\"elementor-heading-title elementor-size-default\">Production<\/h2>\t\t\t\t<\/div>\n\t\t\t\t<\/div>\n\t\t\t\t<div class=\"elementor-element elementor-element-07c207a elementor-widget elementor-widget-th-breadcrumb\" data-id=\"07c207a\" data-element_type=\"widget\" data-widget_type=\"th-breadcrumb.default\">\n\t\t\t\t<div class=\"elementor-widget-container\">\n\t\t\t\t\t<div class=\"wrap-bread-crumb wrap-bread-crumb-elementor breadcrumb-style2\">\r\n\t<div class=\"bread-crumb\">\r\n\t\t<a href=\"https:\/\/luzi3b.al\/en\/\">Home<\/a>\t<\/div>\r\n<\/div>\t\t\t\t<\/div>\n\t\t\t\t<\/div>\n\t\t\t\t\t<\/div>\n\t\t<\/div>\n\t\t\t\t\t<\/div>\n\t\t<\/section>\n\t\t\t\t<section class=\"elementor-section elementor-top-section elementor-element elementor-element-0c565fb elementor-section-boxed elementor-section-height-default elementor-section-height-default\" data-id=\"0c565fb\" data-element_type=\"section\">\n\t\t\t\t\t\t<div class=\"elementor-container elementor-column-gap-default\">\n\t\t\t\t\t<div class=\"elementor-column elementor-col-100 elementor-top-column elementor-element elementor-element-782b709\" data-id=\"782b709\" data-element_type=\"column\">\n\t\t\t<div class=\"elementor-widget-wrap elementor-element-populated\">\n\t\t\t\t\t\t<div class=\"elementor-element elementor-element-bf1a005 elementor-widget elementor-widget-heading\" data-id=\"bf1a005\" data-element_type=\"widget\" data-widget_type=\"heading.default\">\n\t\t\t\t<div class=\"elementor-widget-container\">\n\t\t\t\t\t<h2 class=\"elementor-heading-title elementor-size-default\">Products<\/h2>\t\t\t\t<\/div>\n\t\t\t\t<\/div>\n\t\t\t\t<div class=\"elementor-element elementor-element-ecc7fb2 elementor-widget-divider--view-line elementor-widget elementor-widget-divider\" data-id=\"ecc7fb2\" data-element_type=\"widget\" data-widget_type=\"divider.default\">\n\t\t\t\t<div class=\"elementor-widget-container\">\n\t\t\t\t\t\t\t<div class=\"elementor-divider\">\n\t\t\t<span class=\"elementor-divider-separator\">\n\t\t\t\t\t\t<\/span>\n\t\t<\/div>\n\t\t\t\t\t\t<\/div>\n\t\t\t\t<\/div>\n\t\t\t\t\t<\/div>\n\t\t<\/div>\n\t\t\t\t\t<\/div>\n\t\t<\/section>\n\t\t\t\t<section class=\"elementor-section elementor-top-section elementor-element elementor-element-d2bde81 elementor-section-boxed elementor-section-height-default elementor-section-height-default\" data-id=\"d2bde81\" data-element_type=\"section\">\n\t\t\t\t\t\t<div class=\"elementor-container elementor-column-gap-default\">\n\t\t\t\t\t<div class=\"elementor-column elementor-col-25 elementor-top-column elementor-element elementor-element-85b9671\" data-id=\"85b9671\" data-element_type=\"column\">\n\t\t\t<div class=\"elementor-widget-wrap elementor-element-populated\">\n\t\t\t\t\t\t<div class=\"elementor-element elementor-element-c2ac172 e-transform elementor-widget elementor-widget-th-banner-info\" data-id=\"c2ac172\" data-element_type=\"widget\" data-settings=\"{&quot;_transform_translateY_effect_hover&quot;:{&quot;unit&quot;:&quot;px&quot;,&quot;size&quot;:-10,&quot;sizes&quot;:[]},&quot;_transform_translateX_effect_hover&quot;:{&quot;unit&quot;:&quot;px&quot;,&quot;size&quot;:&quot;&quot;,&quot;sizes&quot;:[]},&quot;_transform_translateX_effect_hover_laptop&quot;:{&quot;unit&quot;:&quot;px&quot;,&quot;size&quot;:&quot;&quot;,&quot;sizes&quot;:[]},&quot;_transform_translateX_effect_hover_tablet_extra&quot;:{&quot;unit&quot;:&quot;px&quot;,&quot;size&quot;:&quot;&quot;,&quot;sizes&quot;:[]},&quot;_transform_translateX_effect_hover_tablet&quot;:{&quot;unit&quot;:&quot;px&quot;,&quot;size&quot;:&quot;&quot;,&quot;sizes&quot;:[]},&quot;_transform_translateX_effect_hover_mobile&quot;:{&quot;unit&quot;:&quot;px&quot;,&quot;size&quot;:&quot;&quot;,&quot;sizes&quot;:[]},&quot;_transform_translateY_effect_hover_laptop&quot;:{&quot;unit&quot;:&quot;px&quot;,&quot;size&quot;:&quot;&quot;,&quot;sizes&quot;:[]},&quot;_transform_translateY_effect_hover_tablet_extra&quot;:{&quot;unit&quot;:&quot;px&quot;,&quot;size&quot;:&quot;&quot;,&quot;sizes&quot;:[]},&quot;_transform_translateY_effect_hover_tablet&quot;:{&quot;unit&quot;:&quot;px&quot;,&quot;size&quot;:&quot;&quot;,&quot;sizes&quot;:[]},&quot;_transform_translateY_effect_hover_mobile&quot;:{&quot;unit&quot;:&quot;px&quot;,&quot;size&quot;:&quot;&quot;,&quot;sizes&quot;:[]}}\" data-widget_type=\"th-banner-info.default\">\n\t\t\t\t<div class=\"elementor-widget-container\">\n\t\t\t\t\t<div class=\"elth-banner-info-wrap elth-bndf\"><div class=\"elth-banner-info-thumb overflow-hidden zoom-image line-scale\">\r\n\t\t\t\t\t\t<a class=\"adv-thumb-link\" href=\"https:\/\/luzi3b.al\/en\/dritare-plastike-salamander\/\" rel=\"nofollow\"><img fetchpriority=\"high\" decoding=\"async\" width=\"800\" height=\"800\" src=\"https:\/\/luzi3b.al\/wp-content\/uploads\/2024\/07\/Salamander_73_paleta_debesto-1.png\" class=\"attachment-full size-full wp-image-3620\" alt=\"\" srcset=\"https:\/\/luzi3b.al\/wp-content\/uploads\/2024\/07\/Salamander_73_paleta_debesto-1.png 800w, https:\/\/luzi3b.al\/wp-content\/uploads\/2024\/07\/Salamander_73_paleta_debesto-1-300x300.png 300w, https:\/\/luzi3b.al\/wp-content\/uploads\/2024\/07\/Salamander_73_paleta_debesto-1-150x150.png 150w, https:\/\/luzi3b.al\/wp-content\/uploads\/2024\/07\/Salamander_73_paleta_debesto-1-768x768.png 768w, https:\/\/luzi3b.al\/wp-content\/uploads\/2024\/07\/Salamander_73_paleta_debesto-1-600x600.png 600w, https:\/\/luzi3b.al\/wp-content\/uploads\/2024\/07\/Salamander_73_paleta_debesto-1-12x12.png 12w\" sizes=\"(max-width: 800px) 100vw, 800px\" \/><\/a>\r\n\t\t\t\t\t<\/div><\/div>\t\t\t\t<\/div>\n\t\t\t\t<\/div>\n\t\t\t\t<div class=\"elementor-element elementor-element-54b16c2 elementor-widget elementor-widget-heading\" data-id=\"54b16c2\" data-element_type=\"widget\" data-widget_type=\"heading.default\">\n\t\t\t\t<div class=\"elementor-widget-container\">\n\t\t\t\t\t<h3 class=\"elementor-heading-title elementor-size-default\"><a href=\"https:\/\/luzi3b.al\/en\/dritare-plastike-salamander\/\">Plastic windows<\/a><\/h3>\t\t\t\t<\/div>\n\t\t\t\t<\/div>\n\t\t\t\t<div class=\"elementor-element elementor-element-b84c545 elementor-widget elementor-widget-text-editor\" data-id=\"b84c545\" data-element_type=\"widget\" data-widget_type=\"text-editor.default\">\n\t\t\t\t<div class=\"elementor-widget-container\">\n\t\t\t\t\t\t\t\t\t<p>Windows and other aluminum products, mainly for residences and businesses<\/p>\t\t\t\t\t\t\t\t<\/div>\n\t\t\t\t<\/div>\n\t\t\t\t\t<\/div>\n\t\t<\/div>\n\t\t\t\t<div class=\"elementor-column elementor-col-25 elementor-top-column elementor-element elementor-element-23be959\" data-id=\"23be959\" data-element_type=\"column\">\n\t\t\t<div class=\"elementor-widget-wrap elementor-element-populated\">\n\t\t\t\t\t\t<div class=\"elementor-element elementor-element-552fad9 e-transform elementor-widget elementor-widget-th-banner-info\" data-id=\"552fad9\" data-element_type=\"widget\" data-settings=\"{&quot;_transform_translateY_effect_hover&quot;:{&quot;unit&quot;:&quot;px&quot;,&quot;size&quot;:-10,&quot;sizes&quot;:[]},&quot;_transform_translateX_effect_hover&quot;:{&quot;unit&quot;:&quot;px&quot;,&quot;size&quot;:&quot;&quot;,&quot;sizes&quot;:[]},&quot;_transform_translateX_effect_hover_laptop&quot;:{&quot;unit&quot;:&quot;px&quot;,&quot;size&quot;:&quot;&quot;,&quot;sizes&quot;:[]},&quot;_transform_translateX_effect_hover_tablet_extra&quot;:{&quot;unit&quot;:&quot;px&quot;,&quot;size&quot;:&quot;&quot;,&quot;sizes&quot;:[]},&quot;_transform_translateX_effect_hover_tablet&quot;:{&quot;unit&quot;:&quot;px&quot;,&quot;size&quot;:&quot;&quot;,&quot;sizes&quot;:[]},&quot;_transform_translateX_effect_hover_mobile&quot;:{&quot;unit&quot;:&quot;px&quot;,&quot;size&quot;:&quot;&quot;,&quot;sizes&quot;:[]},&quot;_transform_translateY_effect_hover_laptop&quot;:{&quot;unit&quot;:&quot;px&quot;,&quot;size&quot;:&quot;&quot;,&quot;sizes&quot;:[]},&quot;_transform_translateY_effect_hover_tablet_extra&quot;:{&quot;unit&quot;:&quot;px&quot;,&quot;size&quot;:&quot;&quot;,&quot;sizes&quot;:[]},&quot;_transform_translateY_effect_hover_tablet&quot;:{&quot;unit&quot;:&quot;px&quot;,&quot;size&quot;:&quot;&quot;,&quot;sizes&quot;:[]},&quot;_transform_translateY_effect_hover_mobile&quot;:{&quot;unit&quot;:&quot;px&quot;,&quot;size&quot;:&quot;&quot;,&quot;sizes&quot;:[]}}\" data-widget_type=\"th-banner-info.default\">\n\t\t\t\t<div class=\"elementor-widget-container\">\n\t\t\t\t\t<div class=\"elth-banner-info-wrap elth-bndf\"><div class=\"elth-banner-info-thumb overflow-hidden zoom-image line-scale\">\r\n\t\t\t\t\t\t<a class=\"adv-thumb-link\" href=\"https:\/\/luzi3b.al\/en\/product\/dyer\/\" rel=\"nofollow\"><img decoding=\"async\" width=\"800\" height=\"800\" src=\"https:\/\/luzi3b.al\/wp-content\/uploads\/2024\/07\/Garage-Door-Hero-Image.jpg\" class=\"attachment-full size-full wp-image-3622\" alt=\"\" srcset=\"https:\/\/luzi3b.al\/wp-content\/uploads\/2024\/07\/Garage-Door-Hero-Image.jpg 800w, https:\/\/luzi3b.al\/wp-content\/uploads\/2024\/07\/Garage-Door-Hero-Image-300x300.jpg 300w, https:\/\/luzi3b.al\/wp-content\/uploads\/2024\/07\/Garage-Door-Hero-Image-150x150.jpg 150w, https:\/\/luzi3b.al\/wp-content\/uploads\/2024\/07\/Garage-Door-Hero-Image-768x768.jpg 768w, https:\/\/luzi3b.al\/wp-content\/uploads\/2024\/07\/Garage-Door-Hero-Image-600x600.jpg 600w, https:\/\/luzi3b.al\/wp-content\/uploads\/2024\/07\/Garage-Door-Hero-Image-12x12.jpg 12w\" sizes=\"(max-width: 800px) 100vw, 800px\" \/><\/a>\r\n\t\t\t\t\t<\/div><\/div>\t\t\t\t<\/div>\n\t\t\t\t<\/div>\n\t\t\t\t<div class=\"elementor-element elementor-element-d3309b4 elementor-widget elementor-widget-heading\" data-id=\"d3309b4\" data-element_type=\"widget\" data-widget_type=\"heading.default\">\n\t\t\t\t<div class=\"elementor-widget-container\">\n\t\t\t\t\t<h3 class=\"elementor-heading-title elementor-size-default\"><a href=\"https:\/\/luzi3b.al\/en\/product\/dyer\/\">Doors<\/a><\/h3>\t\t\t\t<\/div>\n\t\t\t\t<\/div>\n\t\t\t\t<div class=\"elementor-element elementor-element-a859e45 elementor-widget elementor-widget-text-editor\" data-id=\"a859e45\" data-element_type=\"widget\" data-widget_type=\"text-editor.default\">\n\t\t\t\t<div class=\"elementor-widget-container\">\n\t\t\t\t\t\t\t\t\t<p>Production of internal and external wooden and aluminum doors<\/p>\t\t\t\t\t\t\t\t<\/div>\n\t\t\t\t<\/div>\n\t\t\t\t\t<\/div>\n\t\t<\/div>\n\t\t\t\t<div class=\"elementor-column elementor-col-25 elementor-top-column elementor-element elementor-element-8763d5f\" data-id=\"8763d5f\" data-element_type=\"column\">\n\t\t\t<div class=\"elementor-widget-wrap elementor-element-populated\">\n\t\t\t\t\t\t<div class=\"elementor-element elementor-element-16db5c7 e-transform elementor-widget elementor-widget-th-banner-info\" data-id=\"16db5c7\" data-element_type=\"widget\" data-settings=\"{&quot;_transform_translateY_effect_hover&quot;:{&quot;unit&quot;:&quot;px&quot;,&quot;size&quot;:-10,&quot;sizes&quot;:[]},&quot;_transform_translateX_effect_hover&quot;:{&quot;unit&quot;:&quot;px&quot;,&quot;size&quot;:&quot;&quot;,&quot;sizes&quot;:[]},&quot;_transform_translateX_effect_hover_laptop&quot;:{&quot;unit&quot;:&quot;px&quot;,&quot;size&quot;:&quot;&quot;,&quot;sizes&quot;:[]},&quot;_transform_translateX_effect_hover_tablet_extra&quot;:{&quot;unit&quot;:&quot;px&quot;,&quot;size&quot;:&quot;&quot;,&quot;sizes&quot;:[]},&quot;_transform_translateX_effect_hover_tablet&quot;:{&quot;unit&quot;:&quot;px&quot;,&quot;size&quot;:&quot;&quot;,&quot;sizes&quot;:[]},&quot;_transform_translateX_effect_hover_mobile&quot;:{&quot;unit&quot;:&quot;px&quot;,&quot;size&quot;:&quot;&quot;,&quot;sizes&quot;:[]},&quot;_transform_translateY_effect_hover_laptop&quot;:{&quot;unit&quot;:&quot;px&quot;,&quot;size&quot;:&quot;&quot;,&quot;sizes&quot;:[]},&quot;_transform_translateY_effect_hover_tablet_extra&quot;:{&quot;unit&quot;:&quot;px&quot;,&quot;size&quot;:&quot;&quot;,&quot;sizes&quot;:[]},&quot;_transform_translateY_effect_hover_tablet&quot;:{&quot;unit&quot;:&quot;px&quot;,&quot;size&quot;:&quot;&quot;,&quot;sizes&quot;:[]},&quot;_transform_translateY_effect_hover_mobile&quot;:{&quot;unit&quot;:&quot;px&quot;,&quot;size&quot;:&quot;&quot;,&quot;sizes&quot;:[]}}\" data-widget_type=\"th-banner-info.default\">\n\t\t\t\t<div class=\"elementor-widget-container\">\n\t\t\t\t\t<div class=\"elth-banner-info-wrap elth-bndf\"><div class=\"elth-banner-info-thumb overflow-hidden zoom-image line-scale\">\r\n\t\t\t\t\t\t<a class=\"adv-thumb-link\" href=\"https:\/\/luzi3b.al\/en\/produkte-alumini\/\" rel=\"nofollow\"><img decoding=\"async\" width=\"800\" height=\"800\" src=\"https:\/\/luzi3b.al\/wp-content\/uploads\/2024\/07\/419123024_1731340000705186_2887897615853583419_n-Copy.jpg\" class=\"attachment-full size-full wp-image-3626\" alt=\"\" srcset=\"https:\/\/luzi3b.al\/wp-content\/uploads\/2024\/07\/419123024_1731340000705186_2887897615853583419_n-Copy.jpg 800w, https:\/\/luzi3b.al\/wp-content\/uploads\/2024\/07\/419123024_1731340000705186_2887897615853583419_n-Copy-300x300.jpg 300w, https:\/\/luzi3b.al\/wp-content\/uploads\/2024\/07\/419123024_1731340000705186_2887897615853583419_n-Copy-150x150.jpg 150w, https:\/\/luzi3b.al\/wp-content\/uploads\/2024\/07\/419123024_1731340000705186_2887897615853583419_n-Copy-768x768.jpg 768w, https:\/\/luzi3b.al\/wp-content\/uploads\/2024\/07\/419123024_1731340000705186_2887897615853583419_n-Copy-600x600.jpg 600w, https:\/\/luzi3b.al\/wp-content\/uploads\/2024\/07\/419123024_1731340000705186_2887897615853583419_n-Copy-12x12.jpg 12w\" sizes=\"(max-width: 800px) 100vw, 800px\" \/><\/a>\r\n\t\t\t\t\t<\/div><\/div>\t\t\t\t<\/div>\n\t\t\t\t<\/div>\n\t\t\t\t<div class=\"elementor-element elementor-element-32ce134 elementor-widget elementor-widget-heading\" data-id=\"32ce134\" data-element_type=\"widget\" data-widget_type=\"heading.default\">\n\t\t\t\t<div class=\"elementor-widget-container\">\n\t\t\t\t\t<h3 class=\"elementor-heading-title elementor-size-default\"><a href=\"https:\/\/luzi3b.al\/en\/produkte-alumini\/\">Aluminum products<\/a><\/h3>\t\t\t\t<\/div>\n\t\t\t\t<\/div>\n\t\t\t\t<div class=\"elementor-element elementor-element-d015bbe elementor-widget elementor-widget-text-editor\" data-id=\"d015bbe\" data-element_type=\"widget\" data-widget_type=\"text-editor.default\">\n\t\t\t\t<div class=\"elementor-widget-container\">\n\t\t\t\t\t\t\t\t\t<p>High-quality production of aluminum products for villas, buildings and residences<\/p>\t\t\t\t\t\t\t\t<\/div>\n\t\t\t\t<\/div>\n\t\t\t\t\t<\/div>\n\t\t<\/div>\n\t\t\t\t<div class=\"elementor-column elementor-col-25 elementor-top-column elementor-element elementor-element-27f3817\" data-id=\"27f3817\" data-element_type=\"column\">\n\t\t\t<div class=\"elementor-widget-wrap elementor-element-populated\">\n\t\t\t\t\t\t<div class=\"elementor-element elementor-element-bf0aabb e-transform elementor-widget elementor-widget-th-banner-info\" data-id=\"bf0aabb\" data-element_type=\"widget\" data-settings=\"{&quot;_transform_translateY_effect_hover&quot;:{&quot;unit&quot;:&quot;px&quot;,&quot;size&quot;:-10,&quot;sizes&quot;:[]},&quot;_transform_translateX_effect_hover&quot;:{&quot;unit&quot;:&quot;px&quot;,&quot;size&quot;:&quot;&quot;,&quot;sizes&quot;:[]},&quot;_transform_translateX_effect_hover_laptop&quot;:{&quot;unit&quot;:&quot;px&quot;,&quot;size&quot;:&quot;&quot;,&quot;sizes&quot;:[]},&quot;_transform_translateX_effect_hover_tablet_extra&quot;:{&quot;unit&quot;:&quot;px&quot;,&quot;size&quot;:&quot;&quot;,&quot;sizes&quot;:[]},&quot;_transform_translateX_effect_hover_tablet&quot;:{&quot;unit&quot;:&quot;px&quot;,&quot;size&quot;:&quot;&quot;,&quot;sizes&quot;:[]},&quot;_transform_translateX_effect_hover_mobile&quot;:{&quot;unit&quot;:&quot;px&quot;,&quot;size&quot;:&quot;&quot;,&quot;sizes&quot;:[]},&quot;_transform_translateY_effect_hover_laptop&quot;:{&quot;unit&quot;:&quot;px&quot;,&quot;size&quot;:&quot;&quot;,&quot;sizes&quot;:[]},&quot;_transform_translateY_effect_hover_tablet_extra&quot;:{&quot;unit&quot;:&quot;px&quot;,&quot;size&quot;:&quot;&quot;,&quot;sizes&quot;:[]},&quot;_transform_translateY_effect_hover_tablet&quot;:{&quot;unit&quot;:&quot;px&quot;,&quot;size&quot;:&quot;&quot;,&quot;sizes&quot;:[]},&quot;_transform_translateY_effect_hover_mobile&quot;:{&quot;unit&quot;:&quot;px&quot;,&quot;size&quot;:&quot;&quot;,&quot;sizes&quot;:[]}}\" data-widget_type=\"th-banner-info.default\">\n\t\t\t\t<div class=\"elementor-widget-container\">\n\t\t\t\t\t<div class=\"elth-banner-info-wrap elth-bndf\"><div class=\"elth-banner-info-thumb overflow-hidden zoom-image line-scale\">\r\n\t\t\t\t\t\t<a class=\"adv-thumb-link\" href=\"https:\/\/luzi3b.al\/en\/product\/prodhime-xhami\/\" rel=\"nofollow\"><img loading=\"lazy\" decoding=\"async\" width=\"800\" height=\"800\" src=\"https:\/\/luzi3b.al\/wp-content\/uploads\/2024\/07\/whilt-aluminum-casement-windows.jpg\" class=\"attachment-full size-full wp-image-3628\" alt=\"\" srcset=\"https:\/\/luzi3b.al\/wp-content\/uploads\/2024\/07\/whilt-aluminum-casement-windows.jpg 800w, https:\/\/luzi3b.al\/wp-content\/uploads\/2024\/07\/whilt-aluminum-casement-windows-300x300.jpg 300w, https:\/\/luzi3b.al\/wp-content\/uploads\/2024\/07\/whilt-aluminum-casement-windows-150x150.jpg 150w, https:\/\/luzi3b.al\/wp-content\/uploads\/2024\/07\/whilt-aluminum-casement-windows-768x768.jpg 768w, https:\/\/luzi3b.al\/wp-content\/uploads\/2024\/07\/whilt-aluminum-casement-windows-600x600.jpg 600w, https:\/\/luzi3b.al\/wp-content\/uploads\/2024\/07\/whilt-aluminum-casement-windows-12x12.jpg 12w\" sizes=\"(max-width: 800px) 100vw, 800px\" \/><\/a>\r\n\t\t\t\t\t<\/div><\/div>\t\t\t\t<\/div>\n\t\t\t\t<\/div>\n\t\t\t\t<div class=\"elementor-element elementor-element-246c8b7 elementor-widget elementor-widget-heading\" data-id=\"246c8b7\" data-element_type=\"widget\" data-widget_type=\"heading.default\">\n\t\t\t\t<div class=\"elementor-widget-container\">\n\t\t\t\t\t<h3 class=\"elementor-heading-title elementor-size-default\"><a href=\"https:\/\/luzi3b.al\/en\/product\/prodhime-xhami\/\">Glass products<\/a><\/h3>\t\t\t\t<\/div>\n\t\t\t\t<\/div>\n\t\t\t\t<div class=\"elementor-element elementor-element-600a89f elementor-widget elementor-widget-text-editor\" data-id=\"600a89f\" data-element_type=\"widget\" data-widget_type=\"text-editor.default\">\n\t\t\t\t<div class=\"elementor-widget-container\">\n\t\t\t\t\t\t\t\t\t<p>EU standard, shipping, unique products and competitive price!<\/p>\t\t\t\t\t\t\t\t<\/div>\n\t\t\t\t<\/div>\n\t\t\t\t\t<\/div>\n\t\t<\/div>\n\t\t\t\t\t<\/div>\n\t\t<\/section>\n\t\t\t\t<section class=\"elementor-section elementor-top-section elementor-element elementor-element-dcda0e4 elementor-section-boxed elementor-section-height-default elementor-section-height-default\" data-id=\"dcda0e4\" data-element_type=\"section\">\n\t\t\t\t\t\t<div class=\"elementor-container elementor-column-gap-default\">\n\t\t\t\t\t<div class=\"elementor-column elementor-col-100 elementor-top-column elementor-element elementor-element-f1272f5\" data-id=\"f1272f5\" data-element_type=\"column\">\n\t\t\t<div class=\"elementor-widget-wrap elementor-element-populated\">\n\t\t\t\t\t\t<div class=\"elementor-element elementor-element-82a0015 elementor-widget elementor-widget-heading\" data-id=\"82a0015\" data-element_type=\"widget\" data-widget_type=\"heading.default\">\n\t\t\t\t<div class=\"elementor-widget-container\">\n\t\t\t\t\t<h2 class=\"elementor-heading-title elementor-size-default\">Partners<\/h2>\t\t\t\t<\/div>\n\t\t\t\t<\/div>\n\t\t\t\t<div class=\"elementor-element elementor-element-1cc49cd elementor-widget-divider--view-line elementor-widget elementor-widget-divider\" data-id=\"1cc49cd\" data-element_type=\"widget\" data-widget_type=\"divider.default\">\n\t\t\t\t<div class=\"elementor-widget-container\">\n\t\t\t\t\t\t\t<div class=\"elementor-divider\">\n\t\t\t<span class=\"elementor-divider-separator\">\n\t\t\t\t\t\t<\/span>\n\t\t<\/div>\n\t\t\t\t\t\t<\/div>\n\t\t\t\t<\/div>\n\t\t\t\t\t<\/div>\n\t\t<\/div>\n\t\t\t\t\t<\/div>\n\t\t<\/section>\n\t\t\t\t<section class=\"elementor-section elementor-top-section elementor-element elementor-element-a8d1159 elementor-section-boxed elementor-section-height-default elementor-section-height-default\" data-id=\"a8d1159\" data-element_type=\"section\">\n\t\t\t\t\t\t<div class=\"elementor-container elementor-column-gap-default\">\n\t\t\t\t\t<div class=\"elementor-column elementor-col-100 elementor-top-column elementor-element elementor-element-398d79d\" data-id=\"398d79d\" data-element_type=\"column\">\n\t\t\t<div class=\"elementor-widget-wrap elementor-element-populated\">\n\t\t\t\t\t\t<div class=\"elementor-element elementor-element-bae64e5 elementor-widget elementor-widget-image-carousel\" data-id=\"bae64e5\" data-element_type=\"widget\" data-settings=\"{&quot;slides_to_show&quot;:&quot;2&quot;,&quot;slides_to_show_tablet_extra&quot;:&quot;4&quot;,&quot;slides_to_show_tablet&quot;:&quot;3&quot;,&quot;slides_to_show_mobile&quot;:&quot;2&quot;,&quot;slides_to_scroll&quot;:&quot;1&quot;,&quot;navigation&quot;:&quot;none&quot;,&quot;autoplay&quot;:&quot;no&quot;,&quot;infinite&quot;:&quot;yes&quot;,&quot;speed&quot;:500,&quot;image_spacing_custom&quot;:{&quot;unit&quot;:&quot;px&quot;,&quot;size&quot;:20,&quot;sizes&quot;:[]},&quot;image_spacing_custom_laptop&quot;:{&quot;unit&quot;:&quot;px&quot;,&quot;size&quot;:&quot;&quot;,&quot;sizes&quot;:[]},&quot;image_spacing_custom_tablet_extra&quot;:{&quot;unit&quot;:&quot;px&quot;,&quot;size&quot;:&quot;&quot;,&quot;sizes&quot;:[]},&quot;image_spacing_custom_tablet&quot;:{&quot;unit&quot;:&quot;px&quot;,&quot;size&quot;:&quot;&quot;,&quot;sizes&quot;:[]},&quot;image_spacing_custom_mobile&quot;:{&quot;unit&quot;:&quot;px&quot;,&quot;size&quot;:&quot;&quot;,&quot;sizes&quot;:[]}}\" data-widget_type=\"image-carousel.default\">\n\t\t\t\t<div class=\"elementor-widget-container\">\n\t\t\t\t\t\t\t<div class=\"elementor-image-carousel-wrapper swiper\" role=\"region\" aria-roledescription=\"carousel\" aria-label=\"Image Carousel\" dir=\"ltr\">\n\t\t\t<div class=\"elementor-image-carousel swiper-wrapper\" aria-live=\"polite\">\n\t\t\t\t\t\t\t\t<div class=\"swiper-slide\" role=\"group\" aria-roledescription=\"slide\" aria-label=\"1 of 2\"><figure class=\"swiper-slide-inner\"><img decoding=\"async\" class=\"swiper-slide-image\" src=\"https:\/\/luzi3b.al\/wp-content\/uploads\/2024\/07\/logo-salamander-600-150x150-1.png\" alt=\"logo-salamander-600-150x150\" \/><\/figure><\/div><div class=\"swiper-slide\" role=\"group\" aria-roledescription=\"slide\" aria-label=\"2 of 2\"><figure class=\"swiper-slide-inner\"><img decoding=\"async\" class=\"swiper-slide-image\" src=\"https:\/\/luzi3b.al\/wp-content\/uploads\/2024\/07\/Roto-Corporate-Logo-300x145-1.png\" alt=\"Roto-Corporate-Logo-300x145\" \/><\/figure><\/div>\t\t\t<\/div>\n\t\t\t\t\t\t\t\n\t\t\t\t\t\t\t\t\t<\/div>\n\t\t\t\t\t\t<\/div>\n\t\t\t\t<\/div>\n\t\t\t\t\t<\/div>\n\t\t<\/div>\n\t\t\t\t\t<\/div>\n\t\t<\/section>\n\t\t<div class=\"elementor-element elementor-element-dc63b42 e-flex e-con-boxed e-con e-parent\" data-id=\"dc63b42\" data-element_type=\"container\">\n\t\t\t\t\t<div class=\"e-con-inner\">\n\t\t\t\t\t<\/div>\n\t\t\t\t<\/div>\n\t\t\t\t<\/div>","protected":false},"excerpt":{"rendered":"<p>PRODHIMET Home PRODUKTET Dritare plastike Dritare dhe produkte t\u00eb ndryshme nga alumini, kryesisht p\u00ebr rezidenca dhe biznese Dyer Prodhim dyer t\u00eb brendshme dhe t\u00eb jashtme druri dhe alumini Produkte alumini Prodhime mjaft cil\u00ebsore produktesh alumini p\u00ebr vila, pallate dhe rezidenca Prodhime xhami Standard EU, transport, produkte unike dhe \u00e7mim konkurrues! Partner\u00ebt<\/p>","protected":false},"author":1,"featured_media":0,"parent":0,"menu_order":0,"comment_status":"closed","ping_status":"closed","template":"elementor_header_footer","meta":{"footnotes":""},"class_list":["post-543","page","type-page","status-publish","hentry"],"_links":{"self":[{"href":"https:\/\/luzi3b.al\/en\/wp-json\/wp\/v2\/pages\/543","targetHints":{"allow":["GET"]}}],"collection":[{"href":"https:\/\/luzi3b.al\/en\/wp-json\/wp\/v2\/pages"}],"about":[{"href":"https:\/\/luzi3b.al\/en\/wp-json\/wp\/v2\/types\/page"}],"author":[{"embeddable":true,"href":"https:\/\/luzi3b.al\/en\/wp-json\/wp\/v2\/users\/1"}],"replies":[{"embeddable":true,"href":"https:\/\/luzi3b.al\/en\/wp-json\/wp\/v2\/comments?post=543"}],"version-history":[{"count":30,"href":"https:\/\/luzi3b.al\/en\/wp-json\/wp\/v2\/pages\/543\/revisions"}],"predecessor-version":[{"id":4094,"href":"https:\/\/luzi3b.al\/en\/wp-json\/wp\/v2\/pages\/543\/revisions\/4094"}],"wp:attachment":[{"href":"https:\/\/luzi3b.al\/en\/wp-json\/wp\/v2\/media?parent=543"}],"curies":[{"name":"wp","href":"https:\/\/api.w.org\/{rel}","templated":true}]}}